{"id":19,"date":"2020-06-13T01:41:40","date_gmt":"2020-06-13T01:41:40","guid":{"rendered":"http:\/\/ngondro-practices.org\/?page_id=19"},"modified":"2020-08-09T01:16:52","modified_gmt":"2020-08-09T01:16:52","slug":"about","status":"publish","type":"page","link":"https:\/\/ngondro-practices.org\/index.php\/about\/","title":{"rendered":"About"},"content":{"rendered":"\n<p>Ng\u00f6ndro refers to the preliminary or foundation practices of Vajrayana Buddhism.<\/p>\n\n\n\n<p>The ng\u00f6ndro practices are profound and powerful means for effecting a deep purification and transformation, at every level of our being. Not only do they prepare the practitioner for the profound path of Vajrayana and teachings of Dzogchen, but they also lead him or her gradually towards the experience of enlightenment.<\/p>\n\n\n\n<p>Dilgo Khyentse Rinpoche said:<\/p>\n\n\n\n<p>\u201cWhen we take our first steps on the Path, we are not yet capable of helping others. To accomplish the good of others, we must first perfect ourselves, by purifying and transforming our minds. This is the aim of what we call the preliminary practices, which establish the foundations of all spiritual progress. You may feel like dispensing with these foundations in order to practice teachings that you think are more profound, but if you do so, you are building a palace on the surface of a frozen lake.\u201d (Dilgo Khyentse, <em>The Excellent Path to Enlightenment<\/em>, Snow Lion Publications, page 10.)<\/p>\n\n\n\n<h4 class=\"has-text-align-center\">Stages of the Practice<\/h4>\n\n\n\n<h5>The Outer Preliminaries<\/h5>\n\n\n\n<p>The foundation practices begin with a series of life-changing contemplations\u2014the outer preliminaries\u2014embracing:<\/p>\n\n\n\n<p>(1) The uniqueness and opportunity of human life;<\/p>\n\n\n\n<p>(2) The ever-presence and deeper meaning of impermanence and death;<\/p>\n\n\n\n<p>(3) The infallibility of the cause and effect of our actions, karma; and<\/p>\n\n\n\n<p>(4) the repetitive cycle of frustration and suffering that is <em>samsara<\/em>.<\/p>\n\n\n\n<p>These contemplations are known as the &#8220;four thoughts&#8221;.<\/p>\n\n\n\n<h5>The Inner Preliminaries<\/h5>\n\n\n\n<p>These reflections inspire a strong sense of renunciation, an urgent desire to emerge from samsara and follow the path to liberation, which forms the foundation for the specific practices\u2014the inner preliminaries\u2014of:<\/p>\n\n\n\n<p>(1) Taking refuge in the Buddha as the guide, the truth of his teaching (the Dharma) as the path, and the example of his practitioners (the Sangha) as companions on the path, so awakening a confidence and trust in our own inner buddha nature; as well as giving birth to love and compassion\u2014<em>bodhichitta<\/em>, the heart of the enlightened mind\u2014and training the mind to work with ourselves, with others, and with the difficulties of life.<\/p>\n\n\n\n<p>(2) Removing obscurations of all kinds through the purification and healing practice of meditating on Vajrasattva and reciting his mantra.<\/p>\n\n\n\n<p>(3) Accumulating merit and wisdom by developing universal generosity and creating auspicious circumstances, through the mandala offering.<\/p>\n\n\n\n<p>(4) Finally, in the practice of guru yoga, which is the most crucial, moving and powerful practice of all, we unite our mind with the wisdom mind of all the buddhas and so awaken the wisdom of realization.<\/p>\n\n\n\n<h5>Purifying the Obscurations<\/h5>\n\n\n\n<p>It is sometimes said that:<\/p>\n\n\n\n<p>(1) Prostrations remove the obscurations associated with the body,<\/p>\n\n\n\n<p>(2) Recitation of the hundred syllable mantra removes obscurations associated with speech,<\/p>\n\n\n\n<p>(3) Mandala offering removes obscurations associated with mind, and<\/p>\n\n\n\n<p>(4) Guru yoga removes the obscurations of all three: body, speech and mind.<\/p>\n\n\n\n<h5>Versions of the Ng\u00f6ndro<\/h5>\n\n\n\n<p>The two principal ng\u00f6ndros that the Rigpa sangha practise are:<\/p>\n\n\n\n<p>(1) The Brief Dudjom Tersar Ng\u00f6ndro, and<\/p>\n\n\n\n<p>(2) The Longchen Nyingtik Ng\u00f6ndro. <\/p>\n\n\n\n<p>Source: <a href=\"https:\/\/www.rigpawiki.org\/\" target=\"_blank\" rel=\"noreferrer noopener\">https:\/\/www.rigpawiki.org\/<\/a> (Rigpawiki is an online encyclopedia of Tibetan Buddhism.)<\/p>\n<a class=\"synved-social-button synved-social-button-share synved-social-size-32 synved-social-resolution-single synved-social-provider-facebook nolightbox\" data-provider=\"facebook\" target=\"_blank\" rel=\"nofollow\" title=\"Share on Facebook\" href=\"https:\/\/www.facebook.com\/sharer.php?u=https%3A%2F%2Fngondro-practices.org%2Findex.php%2Fwp-json%2Fwp%2Fv2%2Fpages%2F19&#038;t=About&#038;s=100&#038;p&#091;url&#093;=https%3A%2F%2Fngondro-practices.org%2Findex.php%2Fwp-json%2Fwp%2Fv2%2Fpages%2F19&#038;p&#091;images&#093;&#091;0&#093;=&#038;p&#091;title&#093;=About\" style=\"font-size: 0px;width:32px;height:32px;margin:0;margin-bottom:5px;margin-right:5px\"><img alt=\"Facebook\" title=\"Share on Facebook\" class=\"synved-share-image synved-social-image synved-social-image-share\" width=\"32\" height=\"32\" style=\"display: inline;width:32px;height:32px;margin: 0;padding: 0;border: none\" src=\"https:\/\/ngondro-practices.org\/wp-content\/plugins\/social-media-feather\/synved-social\/image\/social\/regular\/64x64\/facebook.png\" \/><\/a><a class=\"synved-social-button synved-social-button-share synved-social-size-32 synved-social-resolution-single synved-social-provider-twitter nolightbox\" data-provider=\"twitter\" target=\"_blank\" rel=\"nofollow\" title=\"Share on Twitter\" href=\"https:\/\/twitter.com\/intent\/tweet?url=https%3A%2F%2Fngondro-practices.org%2Findex.php%2Fwp-json%2Fwp%2Fv2%2Fpages%2F19&#038;text=You%20may%20find%20this%20interesting.\" style=\"font-size: 0px;width:32px;height:32px;margin:0;margin-bottom:5px;margin-right:5px\"><img alt=\"twitter\" title=\"Share on Twitter\" class=\"synved-share-image synved-social-image synved-social-image-share\" width=\"32\" height=\"32\" style=\"display: inline;width:32px;height:32px;margin: 0;padding: 0;border: none\" src=\"https:\/\/ngondro-practices.org\/wp-content\/plugins\/social-media-feather\/synved-social\/image\/social\/regular\/64x64\/twitter.png\" \/><\/a><a class=\"synved-social-button synved-social-button-share synved-social-size-32 synved-social-resolution-single synved-social-provider-reddit nolightbox\" data-provider=\"reddit\" target=\"_blank\" rel=\"nofollow\" title=\"Share on Reddit\" href=\"https:\/\/www.reddit.com\/submit?url=https%3A%2F%2Fngondro-practices.org%2Findex.php%2Fwp-json%2Fwp%2Fv2%2Fpages%2F19&#038;title=About\" style=\"font-size: 0px;width:32px;height:32px;margin:0;margin-bottom:5px;margin-right:5px\"><img alt=\"reddit\" title=\"Share on Reddit\" class=\"synved-share-image synved-social-image synved-social-image-share\" width=\"32\" height=\"32\" style=\"display: inline;width:32px;height:32px;margin: 0;padding: 0;border: none\" src=\"https:\/\/ngondro-practices.org\/wp-content\/plugins\/social-media-feather\/synved-social\/image\/social\/regular\/64x64\/reddit.png\" \/><\/a><a class=\"synved-social-button synved-social-button-share synved-social-size-32 synved-social-resolution-single synved-social-provider-pinterest nolightbox\" data-provider=\"pinterest\" target=\"_blank\" rel=\"nofollow\" title=\"Pin it with Pinterest\" href=\"https:\/\/pinterest.com\/pin\/create\/button\/?url=https%3A%2F%2Fngondro-practices.org%2Findex.php%2Fwp-json%2Fwp%2Fv2%2Fpages%2F19&#038;media=&#038;description=About\" style=\"font-size: 0px;width:32px;height:32px;margin:0;margin-bottom:5px;margin-right:5px\"><img alt=\"pinterest\" title=\"Pin it with Pinterest\" class=\"synved-share-image synved-social-image synved-social-image-share\" width=\"32\" height=\"32\" style=\"display: inline;width:32px;height:32px;margin: 0;padding: 0;border: none\" src=\"https:\/\/ngondro-practices.org\/wp-content\/plugins\/social-media-feather\/synved-social\/image\/social\/regular\/64x64\/pinterest.png\" \/><\/a><a class=\"synved-social-button synved-social-button-share synved-social-size-32 synved-social-resolution-single synved-social-provider-linkedin nolightbox\" data-provider=\"linkedin\" target=\"_blank\" rel=\"nofollow\" title=\"Share on Linkedin\" href=\"https:\/\/www.linkedin.com\/shareArticle?mini=true&#038;url=https%3A%2F%2Fngondro-practices.org%2Findex.php%2Fwp-json%2Fwp%2Fv2%2Fpages%2F19&#038;title=About\" style=\"font-size: 0px;width:32px;height:32px;margin:0;margin-bottom:5px;margin-right:5px\"><img alt=\"linkedin\" title=\"Share on Linkedin\" class=\"synved-share-image synved-social-image synved-social-image-share\" width=\"32\" height=\"32\" style=\"display: inline;width:32px;height:32px;margin: 0;padding: 0;border: none\" src=\"https:\/\/ngondro-practices.org\/wp-content\/plugins\/social-media-feather\/synved-social\/image\/social\/regular\/64x64\/linkedin.png\" \/><\/a><a class=\"synved-social-button synved-social-button-share synved-social-size-32 synved-social-resolution-single synved-social-provider-mail nolightbox\" data-provider=\"mail\" rel=\"nofollow\" title=\"Share by email\" href=\"mailto:?subject=About&#038;body=You%20may%20find%20this%20interesting.:%20https%3A%2F%2Fngondro-practices.org%2Findex.php%2Fwp-json%2Fwp%2Fv2%2Fpages%2F19\" style=\"font-size: 0px;width:32px;height:32px;margin:0;margin-bottom:5px\"><img alt=\"mail\" title=\"Share by email\" class=\"synved-share-image synved-social-image synved-social-image-share\" width=\"32\" height=\"32\" style=\"display: inline;width:32px;height:32px;margin: 0;padding: 0;border: none\" src=\"https:\/\/ngondro-practices.org\/wp-content\/plugins\/social-media-feather\/synved-social\/image\/social\/regular\/64x64\/mail.png\" \/><\/a><a class=\"synved-social-credit\" target=\"_blank\" rel=\"nofollow\" title=\"WordPress Social Media Feather\" href=\"http:\/\/synved.com\/wordpress-social-media-feather\/\" style=\"color:#444;text-decoration:none;font-size:8px;margin-left:5px;vertical-align:10px\"><span>by <\/span><img style=\"display: inline;margin:0;padding:0;width:16px;height:16px\" width=\"16\" height=\"16\" alt=\"feather\" src=\"https:\/\/ngondro-practices.org\/wp-content\/plugins\/social-media-feather\/synved-social\/image\/icon.png\" \/><\/a>","protected":false},"excerpt":{"rendered":"<p>Ng\u00f6ndro refers to the preliminary or foundation practices of Vajrayana Buddhism. The ng\u00f6ndro practices are profound and powerful means for effecting a deep purification and transformation, at every level of our being. Not only do they prepare the practitioner for <span class=\"excerpt-dots\">&hellip;<\/span> <a class=\"more-link\" href=\"https:\/\/ngondro-practices.org\/index.php\/about\/\"><span class=\"more-msg\">Continue reading &rarr;<\/span><\/a><\/p>\n","protected":false},"author":1,"featured_media":0,"parent":0,"menu_order":0,"comment_status":"closed","ping_status":"closed","template":"","meta":{"ngg_post_thumbnail":0},"yoast_head":"<!-- This site is optimized with the Yoast SEO plugin v18.4.1 - https:\/\/yoast.com\/wordpress\/plugins\/seo\/ -->\n<title>About - Ng\u00f6ndro<\/title>\n<meta name=\"robots\" content=\"index, follow, max-snippet:-1, max-image-preview:large, max-video-preview:-1\" \/>\n<link rel=\"canonical\" href=\"https:\/\/ngondro-practices.org\/index.php\/about\/\" \/>\n<meta property=\"og:locale\" content=\"en_US\" \/>\n<meta property=\"og:type\" content=\"article\" \/>\n<meta property=\"og:title\" content=\"About - Ng\u00f6ndro\" \/>\n<meta property=\"og:description\" content=\"Ng\u00f6ndro refers to the preliminary or foundation practices of Vajrayana Buddhism. The ng\u00f6ndro practices are profound and powerful means for effecting a deep purification and transformation, at every level of our being. Not only do they prepare the practitioner for &hellip; Continue reading &rarr;\" \/>\n<meta property=\"og:url\" content=\"https:\/\/ngondro-practices.org\/index.php\/about\/\" \/>\n<meta property=\"og:site_name\" content=\"Ng\u00f6ndro\" \/>\n<meta property=\"article:modified_time\" content=\"2020-08-09T01:16:52+00:00\" \/>\n<meta name=\"twitter:card\" content=\"summary_large_image\" \/>\n<meta name=\"twitter:label1\" content=\"Est. reading time\" \/>\n\t<meta name=\"twitter:data1\" content=\"3 minutes\" \/>\n<script type=\"application\/ld+json\" class=\"yoast-schema-graph\">{\"@context\":\"https:\/\/schema.org\",\"@graph\":[{\"@type\":[\"Person\",\"Organization\"],\"@id\":\"https:\/\/ngondro-practices.org\/#\/schema\/person\/6caa61e62c7b839fe83c37f5abdcff73\",\"name\":\"ngoprac\",\"image\":{\"@type\":\"ImageObject\",\"@id\":\"https:\/\/ngondro-practices.org\/#personlogo\",\"inLanguage\":\"en-US\",\"url\":\"https:\/\/secure.gravatar.com\/avatar\/8359f517909a5a2f71db46dde57c73c7?s=96&d=mm&r=g\",\"contentUrl\":\"https:\/\/secure.gravatar.com\/avatar\/8359f517909a5a2f71db46dde57c73c7?s=96&d=mm&r=g\",\"caption\":\"ngoprac\"},\"logo\":{\"@id\":\"https:\/\/ngondro-practices.org\/#personlogo\"},\"sameAs\":[\"http:\/\/ngondro-practices.org\"]},{\"@type\":\"WebSite\",\"@id\":\"https:\/\/ngondro-practices.org\/#website\",\"url\":\"https:\/\/ngondro-practices.org\/\",\"name\":\"http:\/\/ngondro-practices.org\/\",\"description\":\"Foundation Practices of Vajrayana Buddhism\",\"publisher\":{\"@id\":\"https:\/\/ngondro-practices.org\/#\/schema\/person\/6caa61e62c7b839fe83c37f5abdcff73\"},\"potentialAction\":[{\"@type\":\"SearchAction\",\"target\":{\"@type\":\"EntryPoint\",\"urlTemplate\":\"https:\/\/ngondro-practices.org\/?s={search_term_string}\"},\"query-input\":\"required name=search_term_string\"}],\"inLanguage\":\"en-US\"},{\"@type\":\"WebPage\",\"@id\":\"https:\/\/ngondro-practices.org\/index.php\/about\/#webpage\",\"url\":\"https:\/\/ngondro-practices.org\/index.php\/about\/\",\"name\":\"About - Ng\u00f6ndro\",\"isPartOf\":{\"@id\":\"https:\/\/ngondro-practices.org\/#website\"},\"datePublished\":\"2020-06-13T01:41:40+00:00\",\"dateModified\":\"2020-08-09T01:16:52+00:00\",\"breadcrumb\":{\"@id\":\"https:\/\/ngondro-practices.org\/index.php\/about\/#breadcrumb\"},\"inLanguage\":\"en-US\",\"potentialAction\":[{\"@type\":\"ReadAction\",\"target\":[\"https:\/\/ngondro-practices.org\/index.php\/about\/\"]}]},{\"@type\":\"BreadcrumbList\",\"@id\":\"https:\/\/ngondro-practices.org\/index.php\/about\/#breadcrumb\",\"itemListElement\":[{\"@type\":\"ListItem\",\"position\":1,\"name\":\"Home\",\"item\":\"https:\/\/ngondro-practices.org\/\"},{\"@type\":\"ListItem\",\"position\":2,\"name\":\"About\"}]}]}<\/script>\n<!-- \/ Yoast SEO plugin. -->","yoast_head_json":{"title":"About - Ng\u00f6ndro","robots":{"index":"index","follow":"follow","max-snippet":"max-snippet:-1","max-image-preview":"max-image-preview:large","max-video-preview":"max-video-preview:-1"},"canonical":"https:\/\/ngondro-practices.org\/index.php\/about\/","og_locale":"en_US","og_type":"article","og_title":"About - Ng\u00f6ndro","og_description":"Ng\u00f6ndro refers to the preliminary or foundation practices of Vajrayana Buddhism. The ng\u00f6ndro practices are profound and powerful means for effecting a deep purification and transformation, at every level of our being. Not only do they prepare the practitioner for &hellip; Continue reading &rarr;","og_url":"https:\/\/ngondro-practices.org\/index.php\/about\/","og_site_name":"Ng\u00f6ndro","article_modified_time":"2020-08-09T01:16:52+00:00","twitter_card":"summary_large_image","twitter_misc":{"Est. reading time":"3 minutes"},"schema":{"@context":"https:\/\/schema.org","@graph":[{"@type":["Person","Organization"],"@id":"https:\/\/ngondro-practices.org\/#\/schema\/person\/6caa61e62c7b839fe83c37f5abdcff73","name":"ngoprac","image":{"@type":"ImageObject","@id":"https:\/\/ngondro-practices.org\/#personlogo","inLanguage":"en-US","url":"https:\/\/secure.gravatar.com\/avatar\/8359f517909a5a2f71db46dde57c73c7?s=96&d=mm&r=g","contentUrl":"https:\/\/secure.gravatar.com\/avatar\/8359f517909a5a2f71db46dde57c73c7?s=96&d=mm&r=g","caption":"ngoprac"},"logo":{"@id":"https:\/\/ngondro-practices.org\/#personlogo"},"sameAs":["http:\/\/ngondro-practices.org"]},{"@type":"WebSite","@id":"https:\/\/ngondro-practices.org\/#website","url":"https:\/\/ngondro-practices.org\/","name":"http:\/\/ngondro-practices.org\/","description":"Foundation Practices of Vajrayana Buddhism","publisher":{"@id":"https:\/\/ngondro-practices.org\/#\/schema\/person\/6caa61e62c7b839fe83c37f5abdcff73"},"potentialAction":[{"@type":"SearchAction","target":{"@type":"EntryPoint","urlTemplate":"https:\/\/ngondro-practices.org\/?s={search_term_string}"},"query-input":"required name=search_term_string"}],"inLanguage":"en-US"},{"@type":"WebPage","@id":"https:\/\/ngondro-practices.org\/index.php\/about\/#webpage","url":"https:\/\/ngondro-practices.org\/index.php\/about\/","name":"About - Ng\u00f6ndro","isPartOf":{"@id":"https:\/\/ngondro-practices.org\/#website"},"datePublished":"2020-06-13T01:41:40+00:00","dateModified":"2020-08-09T01:16:52+00:00","breadcrumb":{"@id":"https:\/\/ngondro-practices.org\/index.php\/about\/#breadcrumb"},"inLanguage":"en-US","potentialAction":[{"@type":"ReadAction","target":["https:\/\/ngondro-practices.org\/index.php\/about\/"]}]},{"@type":"BreadcrumbList","@id":"https:\/\/ngondro-practices.org\/index.php\/about\/#breadcrumb","itemListElement":[{"@type":"ListItem","position":1,"name":"Home","item":"https:\/\/ngondro-practices.org\/"},{"@type":"ListItem","position":2,"name":"About"}]}]}},"_links":{"self":[{"href":"https:\/\/ngondro-practices.org\/index.php\/wp-json\/wp\/v2\/pages\/19"}],"collection":[{"href":"https:\/\/ngondro-practices.org\/index.php\/wp-json\/wp\/v2\/pages"}],"about":[{"href":"https:\/\/ngondro-practices.org\/index.php\/wp-json\/wp\/v2\/types\/page"}],"author":[{"embeddable":true,"href":"https:\/\/ngondro-practices.org\/index.php\/wp-json\/wp\/v2\/users\/1"}],"replies":[{"embeddable":true,"href":"https:\/\/ngondro-practices.org\/index.php\/wp-json\/wp\/v2\/comments?post=19"}],"version-history":[{"count":3,"href":"https:\/\/ngondro-practices.org\/index.php\/wp-json\/wp\/v2\/pages\/19\/revisions"}],"predecessor-version":[{"id":318,"href":"https:\/\/ngondro-practices.org\/index.php\/wp-json\/wp\/v2\/pages\/19\/revisions\/318"}],"wp:attachment":[{"href":"https:\/\/ngondro-practices.org\/index.php\/wp-json\/wp\/v2\/media?parent=19"}],"curies":[{"name":"wp","href":"https:\/\/api.w.org\/{rel}","templated":true}]}}